{"id":71,"date":"2023-12-22T07:43:35","date_gmt":"2023-12-22T07:43:35","guid":{"rendered":"https:\/\/firaantiguitatscardedeu.com\/?page_id=71"},"modified":"2024-02-06T23:07:17","modified_gmt":"2024-02-06T22:07:17","slug":"qui-som","status":"publish","type":"page","link":"https:\/\/firaantiguitatscardedeu.com\/index.php\/qui-som\/","title":{"rendered":"Qui som"},"content":{"rendered":"\t\t<div data-elementor-type=\"wp-page\" data-elementor-id=\"71\" class=\"elementor elementor-71\">\n\t\t\t\t<div class=\"elementor-element elementor-element-07e092b e-con-full e-flex e-con e-parent\" data-id=\"07e092b\" data-element_type=\"container\" data-settings=\"{&quot;background_background&quot;:&quot;classic&quot;}\">\n\t\t\t\t<div class=\"elementor-element elementor-element-5fb70ef elementor-widget__width-inherit elementor-widget elementor-widget-heading\" data-id=\"5fb70ef\" data-element_type=\"widget\" data-widget_type=\"heading.default\">\n\t\t\t\t<div class=\"elementor-widget-container\">\n\t\t\t\t\t<h2 class=\"elementor-heading-title elementor-size-default\">Qui som<\/h2>\t\t\t\t<\/div>\n\t\t\t\t<\/div>\n\t\t\t\t<\/div>\n\t\t<div class=\"elementor-element elementor-element-7218f7c e-con-full e-flex e-con e-parent\" data-id=\"7218f7c\" data-element_type=\"container\" data-settings=\"{&quot;background_background&quot;:&quot;gradient&quot;}\">\n\t\t<div class=\"elementor-element elementor-element-c482897 e-con-full e-flex e-con e-child\" data-id=\"c482897\" data-element_type=\"container\" data-settings=\"{&quot;background_background&quot;:&quot;classic&quot;}\">\n\t\t\t\t<div class=\"elementor-element elementor-element-75cec91 elementor-widget elementor-widget-image\" data-id=\"75cec91\" data-element_type=\"widget\" data-widget_type=\"image.default\">\n\t\t\t\t<div class=\"elementor-widget-container\">\n\t\t\t\t\t\t\t\t\t\t\t\t\t\t\t<img fetchpriority=\"high\" decoding=\"async\" width=\"576\" height=\"478\" src=\"https:\/\/firaantiguitatscardedeu.com\/wp-content\/uploads\/2024\/01\/ImageQuisom.jpg\" class=\"attachment-large size-large wp-image-238\" alt=\"\" srcset=\"https:\/\/firaantiguitatscardedeu.com\/wp-content\/uploads\/2024\/01\/ImageQuisom.jpg 576w, https:\/\/firaantiguitatscardedeu.com\/wp-content\/uploads\/2024\/01\/ImageQuisom-300x249.jpg 300w\" sizes=\"(max-width: 576px) 100vw, 576px\" \/>\t\t\t\t\t\t\t\t\t\t\t\t\t\t\t<\/div>\n\t\t\t\t<\/div>\n\t\t\t\t<\/div>\n\t\t<div class=\"elementor-element elementor-element-e5c634c e-con-full e-flex e-con e-child\" data-id=\"e5c634c\" data-element_type=\"container\">\n\t\t\t\t<div class=\"elementor-element elementor-element-0a7a49f elementor-widget elementor-widget-heading\" data-id=\"0a7a49f\" data-element_type=\"widget\" data-widget_type=\"heading.default\">\n\t\t\t\t<div class=\"elementor-widget-container\">\n\t\t\t\t\t<h2 class=\"elementor-heading-title elementor-size-default\">Esdeveniments D.F<\/h2>\t\t\t\t<\/div>\n\t\t\t\t<\/div>\n\t\t\t\t<div class=\"elementor-element elementor-element-f82628d elementor-widget elementor-widget-text-editor\" data-id=\"f82628d\" data-element_type=\"widget\" data-widget_type=\"text-editor.default\">\n\t\t\t\t<div class=\"elementor-widget-container\">\n\t\t\t\t\t\t\t\t\t<p>La nostra empresa Esdeveniments S.L., creada amb l&#8217;experi\u00e8ncia de m\u00e9s de 28 anys en l&#8217;\u00e0mbit de l&#8217;organitzaci\u00f3 de Fires d&#8217;Antiguitats i Brocanters, t\u00e9 preferentment la vocaci\u00f3 de desenvolupar-se en el m\u00f3n de l&#8217;oci, la cultura i tot el que representi una aportaci\u00f3 positiva en les relacions humanes. La nostra seu a Cardedeu (Barcelona), \u00e9s un referent en l&#8217;organitzaci\u00f3 de descarregades d&#8217;antiguitats i brocanters, sent pioners de les mateixes a Catalunya i Espanya, on ens visiten anualment milers de compradors vinguts d&#8217;arreu.\u2028Des d&#8217;aquestes l\u00ednies, us donem la benvinguda als nostres &#8220;esdeveniments&#8221;, i restem sempre oberts a qualsevol suggeriment per tal de millorar la nostra tasca.\u2028\u2028<\/p><p>Gr\u00e0cies per la vostra confian\u00e7a.<\/p><p>\u2028\u2028Esdeveniments D.F.<\/p>\t\t\t\t\t\t\t\t<\/div>\n\t\t\t\t<\/div>\n\t\t\t\t<\/div>\n\t\t\t\t<\/div>\n\t\t\t\t<\/div>\n\t\t","protected":false},"excerpt":{"rendered":"<p>Qui som Esdeveniments D.F La nostra empresa Esdeveniments S.L., creada amb l&#8217;experi\u00e8ncia de m\u00e9s de 28 anys en l&#8217;\u00e0mbit de l&#8217;organitzaci\u00f3 de Fires d&#8217;Antiguitats i Brocanters, t\u00e9 preferentment la vocaci\u00f3 de desenvolupar-se en el m\u00f3n de l&#8217;oci, la cultura i tot el que representi una aportaci\u00f3 positiva en les relacions humanes. La nostra seu a &hellip;<\/p>\n<p class=\"read-more\"> <a class=\"\" href=\"https:\/\/firaantiguitatscardedeu.com\/index.php\/qui-som\/\"> <span class=\"screen-reader-text\">Qui som<\/span> Llegeix m\u00e9s &raquo;<\/a><\/p>\n","protected":false},"author":1,"featured_media":0,"parent":0,"menu_order":0,"comment_status":"closed","ping_status":"closed","template":"","meta":{"site-sidebar-layout":"no-sidebar","site-content-layout":"page-builder","ast-site-content-layout":"full-width-container","site-content-style":"default","site-sidebar-style":"default","ast-global-header-display":"","ast-banner-title-visibility":"","ast-main-header-display":"","ast-hfb-above-header-display":"","ast-hfb-below-header-display":"","ast-hfb-mobile-header-display":"","site-post-title":"disabled","ast-breadcrumbs-content":"","ast-featured-img":"disabled","footer-sml-layout":"","theme-transparent-header-meta":"","adv-header-id-meta":"","stick-header-meta":"","header-above-stick-meta":"","header-main-stick-meta":"","header-below-stick-meta":"","astra-migrate-meta-layouts":"set","ast-page-background-enabled":"default","ast-page-background-meta":{"desktop":{"background-color":"","background-image":"","background-repeat":"repeat","background-position":"center center","background-size":"auto","background-attachment":"scroll","background-type":"","background-media":"","overlay-type":"","overlay-color":"","overlay-gradient":""},"tablet":{"background-color":"","background-image":"","background-repeat":"repeat","background-position":"center center","background-size":"auto","background-attachment":"scroll","background-type":"","background-media":"","overlay-type":"","overlay-color":"","overlay-gradient":""},"mobile":{"background-color":"","background-image":"","background-repeat":"repeat","background-position":"center center","background-size":"auto","background-attachment":"scroll","background-type":"","background-media":"","overlay-type":"","overlay-color":"","overlay-gradient":""}},"ast-content-background-meta":{"desktop":{"background-color":"var(--ast-global-color-5)","background-image":"","background-repeat":"repeat","background-position":"center center","background-size":"auto","background-attachment":"scroll","background-type":"","background-media":"","overlay-type":"","overlay-color":"","overlay-gradient":""},"tablet":{"background-color":"var(--ast-global-color-5)","background-image":"","background-repeat":"repeat","background-position":"center center","background-size":"auto","background-attachment":"scroll","background-type":"","background-media":"","overlay-type":"","overlay-color":"","overlay-gradient":""},"mobile":{"background-color":"var(--ast-global-color-5)","background-image":"","background-repeat":"repeat","background-position":"center center","background-size":"auto","background-attachment":"scroll","background-type":"","background-media":"","overlay-type":"","overlay-color":"","overlay-gradient":""}},"footnotes":""},"class_list":["post-71","page","type-page","status-publish","hentry"],"yoast_head":"<!-- This site is optimized with the Yoast SEO plugin v26.3 - https:\/\/yoast.com\/wordpress\/plugins\/seo\/ -->\n<title>Qui som - Fira antiguitats Cardedeu<\/title>\n<meta name=\"robots\" content=\"index, follow, max-snippet:-1, max-image-preview:large, max-video-preview:-1\" \/>\n<link rel=\"canonical\" href=\"https:\/\/firaantiguitatscardedeu.com\/index.php\/qui-som\/\" \/>\n<meta property=\"og:locale\" content=\"ca_ES\" \/>\n<meta property=\"og:type\" content=\"article\" \/>\n<meta property=\"og:title\" content=\"Qui som - Fira antiguitats Cardedeu\" \/>\n<meta property=\"og:description\" content=\"Qui som Esdeveniments D.F La nostra empresa Esdeveniments S.L., creada amb l&#8217;experi\u00e8ncia de m\u00e9s de 28 anys en l&#8217;\u00e0mbit de l&#8217;organitzaci\u00f3 de Fires d&#8217;Antiguitats i Brocanters, t\u00e9 preferentment la vocaci\u00f3 de desenvolupar-se en el m\u00f3n de l&#8217;oci, la cultura i tot el que representi una aportaci\u00f3 positiva en les relacions humanes. La nostra seu a &hellip; Qui som Llegeix m\u00e9s &raquo;\" \/>\n<meta property=\"og:url\" content=\"https:\/\/firaantiguitatscardedeu.com\/index.php\/qui-som\/\" \/>\n<meta property=\"og:site_name\" content=\"Fira antiguitats Cardedeu\" \/>\n<meta property=\"article:modified_time\" content=\"2024-02-06T22:07:17+00:00\" \/>\n<meta property=\"og:image\" content=\"https:\/\/firaantiguitatscardedeu.com\/wp-content\/uploads\/2024\/01\/ImageQuisom.jpg\" \/>\n<meta name=\"twitter:card\" content=\"summary_large_image\" \/>\n<meta name=\"twitter:label1\" content=\"Temps estimat de lectura\" \/>\n\t<meta name=\"twitter:data1\" content=\"1 minut\" \/>\n<script type=\"application\/ld+json\" class=\"yoast-schema-graph\">{\"@context\":\"https:\/\/schema.org\",\"@graph\":[{\"@type\":\"WebPage\",\"@id\":\"https:\/\/firaantiguitatscardedeu.com\/index.php\/qui-som\/\",\"url\":\"https:\/\/firaantiguitatscardedeu.com\/index.php\/qui-som\/\",\"name\":\"Qui som - Fira antiguitats Cardedeu\",\"isPartOf\":{\"@id\":\"https:\/\/firaantiguitatscardedeu.com\/#website\"},\"primaryImageOfPage\":{\"@id\":\"https:\/\/firaantiguitatscardedeu.com\/index.php\/qui-som\/#primaryimage\"},\"image\":{\"@id\":\"https:\/\/firaantiguitatscardedeu.com\/index.php\/qui-som\/#primaryimage\"},\"thumbnailUrl\":\"https:\/\/firaantiguitatscardedeu.com\/wp-content\/uploads\/2024\/01\/ImageQuisom.jpg\",\"datePublished\":\"2023-12-22T07:43:35+00:00\",\"dateModified\":\"2024-02-06T22:07:17+00:00\",\"breadcrumb\":{\"@id\":\"https:\/\/firaantiguitatscardedeu.com\/index.php\/qui-som\/#breadcrumb\"},\"inLanguage\":\"ca\",\"potentialAction\":[{\"@type\":\"ReadAction\",\"target\":[\"https:\/\/firaantiguitatscardedeu.com\/index.php\/qui-som\/\"]}]},{\"@type\":\"ImageObject\",\"inLanguage\":\"ca\",\"@id\":\"https:\/\/firaantiguitatscardedeu.com\/index.php\/qui-som\/#primaryimage\",\"url\":\"https:\/\/firaantiguitatscardedeu.com\/wp-content\/uploads\/2024\/01\/ImageQuisom.jpg\",\"contentUrl\":\"https:\/\/firaantiguitatscardedeu.com\/wp-content\/uploads\/2024\/01\/ImageQuisom.jpg\",\"width\":576,\"height\":478},{\"@type\":\"BreadcrumbList\",\"@id\":\"https:\/\/firaantiguitatscardedeu.com\/index.php\/qui-som\/#breadcrumb\",\"itemListElement\":[{\"@type\":\"ListItem\",\"position\":1,\"name\":\"Inici\",\"item\":\"https:\/\/firaantiguitatscardedeu.com\/\"},{\"@type\":\"ListItem\",\"position\":2,\"name\":\"Qui som\"}]},{\"@type\":\"WebSite\",\"@id\":\"https:\/\/firaantiguitatscardedeu.com\/#website\",\"url\":\"https:\/\/firaantiguitatscardedeu.com\/\",\"name\":\"Fira antiguitats Cardedeu\",\"description\":\"\",\"publisher\":{\"@id\":\"https:\/\/firaantiguitatscardedeu.com\/#organization\"},\"potentialAction\":[{\"@type\":\"SearchAction\",\"target\":{\"@type\":\"EntryPoint\",\"urlTemplate\":\"https:\/\/firaantiguitatscardedeu.com\/?s={search_term_string}\"},\"query-input\":{\"@type\":\"PropertyValueSpecification\",\"valueRequired\":true,\"valueName\":\"search_term_string\"}}],\"inLanguage\":\"ca\"},{\"@type\":\"Organization\",\"@id\":\"https:\/\/firaantiguitatscardedeu.com\/#organization\",\"name\":\"Fira antiguitats Cardedeu\",\"url\":\"https:\/\/firaantiguitatscardedeu.com\/\",\"logo\":{\"@type\":\"ImageObject\",\"inLanguage\":\"ca\",\"@id\":\"https:\/\/firaantiguitatscardedeu.com\/#\/schema\/logo\/image\/\",\"url\":\"https:\/\/firaantiguitatscardedeu.com\/wp-content\/uploads\/2023\/12\/LOGO.jpg\",\"contentUrl\":\"https:\/\/firaantiguitatscardedeu.com\/wp-content\/uploads\/2023\/12\/LOGO.jpg\",\"width\":508,\"height\":143,\"caption\":\"Fira antiguitats Cardedeu\"},\"image\":{\"@id\":\"https:\/\/firaantiguitatscardedeu.com\/#\/schema\/logo\/image\/\"}}]}<\/script>\n<!-- \/ Yoast SEO plugin. -->","yoast_head_json":{"title":"Qui som - Fira antiguitats Cardedeu","robots":{"index":"index","follow":"follow","max-snippet":"max-snippet:-1","max-image-preview":"max-image-preview:large","max-video-preview":"max-video-preview:-1"},"canonical":"https:\/\/firaantiguitatscardedeu.com\/index.php\/qui-som\/","og_locale":"ca_ES","og_type":"article","og_title":"Qui som - Fira antiguitats Cardedeu","og_description":"Qui som Esdeveniments D.F La nostra empresa Esdeveniments S.L., creada amb l&#8217;experi\u00e8ncia de m\u00e9s de 28 anys en l&#8217;\u00e0mbit de l&#8217;organitzaci\u00f3 de Fires d&#8217;Antiguitats i Brocanters, t\u00e9 preferentment la vocaci\u00f3 de desenvolupar-se en el m\u00f3n de l&#8217;oci, la cultura i tot el que representi una aportaci\u00f3 positiva en les relacions humanes. La nostra seu a &hellip; Qui som Llegeix m\u00e9s &raquo;","og_url":"https:\/\/firaantiguitatscardedeu.com\/index.php\/qui-som\/","og_site_name":"Fira antiguitats Cardedeu","article_modified_time":"2024-02-06T22:07:17+00:00","og_image":[{"url":"https:\/\/firaantiguitatscardedeu.com\/wp-content\/uploads\/2024\/01\/ImageQuisom.jpg","type":"","width":"","height":""}],"twitter_card":"summary_large_image","twitter_misc":{"Temps estimat de lectura":"1 minut"},"schema":{"@context":"https:\/\/schema.org","@graph":[{"@type":"WebPage","@id":"https:\/\/firaantiguitatscardedeu.com\/index.php\/qui-som\/","url":"https:\/\/firaantiguitatscardedeu.com\/index.php\/qui-som\/","name":"Qui som - Fira antiguitats Cardedeu","isPartOf":{"@id":"https:\/\/firaantiguitatscardedeu.com\/#website"},"primaryImageOfPage":{"@id":"https:\/\/firaantiguitatscardedeu.com\/index.php\/qui-som\/#primaryimage"},"image":{"@id":"https:\/\/firaantiguitatscardedeu.com\/index.php\/qui-som\/#primaryimage"},"thumbnailUrl":"https:\/\/firaantiguitatscardedeu.com\/wp-content\/uploads\/2024\/01\/ImageQuisom.jpg","datePublished":"2023-12-22T07:43:35+00:00","dateModified":"2024-02-06T22:07:17+00:00","breadcrumb":{"@id":"https:\/\/firaantiguitatscardedeu.com\/index.php\/qui-som\/#breadcrumb"},"inLanguage":"ca","potentialAction":[{"@type":"ReadAction","target":["https:\/\/firaantiguitatscardedeu.com\/index.php\/qui-som\/"]}]},{"@type":"ImageObject","inLanguage":"ca","@id":"https:\/\/firaantiguitatscardedeu.com\/index.php\/qui-som\/#primaryimage","url":"https:\/\/firaantiguitatscardedeu.com\/wp-content\/uploads\/2024\/01\/ImageQuisom.jpg","contentUrl":"https:\/\/firaantiguitatscardedeu.com\/wp-content\/uploads\/2024\/01\/ImageQuisom.jpg","width":576,"height":478},{"@type":"BreadcrumbList","@id":"https:\/\/firaantiguitatscardedeu.com\/index.php\/qui-som\/#breadcrumb","itemListElement":[{"@type":"ListItem","position":1,"name":"Inici","item":"https:\/\/firaantiguitatscardedeu.com\/"},{"@type":"ListItem","position":2,"name":"Qui som"}]},{"@type":"WebSite","@id":"https:\/\/firaantiguitatscardedeu.com\/#website","url":"https:\/\/firaantiguitatscardedeu.com\/","name":"Fira antiguitats Cardedeu","description":"","publisher":{"@id":"https:\/\/firaantiguitatscardedeu.com\/#organization"},"potentialAction":[{"@type":"SearchAction","target":{"@type":"EntryPoint","urlTemplate":"https:\/\/firaantiguitatscardedeu.com\/?s={search_term_string}"},"query-input":{"@type":"PropertyValueSpecification","valueRequired":true,"valueName":"search_term_string"}}],"inLanguage":"ca"},{"@type":"Organization","@id":"https:\/\/firaantiguitatscardedeu.com\/#organization","name":"Fira antiguitats Cardedeu","url":"https:\/\/firaantiguitatscardedeu.com\/","logo":{"@type":"ImageObject","inLanguage":"ca","@id":"https:\/\/firaantiguitatscardedeu.com\/#\/schema\/logo\/image\/","url":"https:\/\/firaantiguitatscardedeu.com\/wp-content\/uploads\/2023\/12\/LOGO.jpg","contentUrl":"https:\/\/firaantiguitatscardedeu.com\/wp-content\/uploads\/2023\/12\/LOGO.jpg","width":508,"height":143,"caption":"Fira antiguitats Cardedeu"},"image":{"@id":"https:\/\/firaantiguitatscardedeu.com\/#\/schema\/logo\/image\/"}}]}},"_links":{"self":[{"href":"https:\/\/firaantiguitatscardedeu.com\/index.php\/wp-json\/wp\/v2\/pages\/71","targetHints":{"allow":["GET"]}}],"collection":[{"href":"https:\/\/firaantiguitatscardedeu.com\/index.php\/wp-json\/wp\/v2\/pages"}],"about":[{"href":"https:\/\/firaantiguitatscardedeu.com\/index.php\/wp-json\/wp\/v2\/types\/page"}],"author":[{"embeddable":true,"href":"https:\/\/firaantiguitatscardedeu.com\/index.php\/wp-json\/wp\/v2\/users\/1"}],"replies":[{"embeddable":true,"href":"https:\/\/firaantiguitatscardedeu.com\/index.php\/wp-json\/wp\/v2\/comments?post=71"}],"version-history":[{"count":28,"href":"https:\/\/firaantiguitatscardedeu.com\/index.php\/wp-json\/wp\/v2\/pages\/71\/revisions"}],"predecessor-version":[{"id":996,"href":"https:\/\/firaantiguitatscardedeu.com\/index.php\/wp-json\/wp\/v2\/pages\/71\/revisions\/996"}],"wp:attachment":[{"href":"https:\/\/firaantiguitatscardedeu.com\/index.php\/wp-json\/wp\/v2\/media?parent=71"}],"curies":[{"name":"wp","href":"https:\/\/api.w.org\/{rel}","templated":true}]}}